{"id":13540,"date":"2024-10-07T19:05:23","date_gmt":"2024-10-07T19:05:23","guid":{"rendered":"https:\/\/rehablab.nl\/?page_id=13540"},"modified":"2024-10-25T07:50:38","modified_gmt":"2024-10-25T07:50:38","slug":"page-de-quiz","status":"publish","type":"page","link":"https:\/\/rehablab.nl\/nl\/page-de-quiz\/","title":{"rendered":"page de quiz"},"content":{"rendered":"<div data-elementor-type=\"wp-page\" data-elementor-id=\"13540\" class=\"elementor elementor-13540\" data-elementor-post-type=\"page\">\n\t\t\t\t\t\t<section class=\"elementor-section elementor-top-section elementor-element elementor-element-6b73b798 elementor-section-content-top elementor-section-height-min-height elementor-section-items-top elementor-section-boxed elementor-section-height-default cmsmasters-block-default\" data-id=\"6b73b798\" data-element_type=\"section\" id=\"quiz\">\n\t\t\t\t\t\t<div class=\"elementor-container elementor-column-gap-default\">\n\t\t\t\t\t<div class=\"elementor-column elementor-col-100 elementor-top-column elementor-element elementor-element-71807264\" data-id=\"71807264\" data-element_type=\"column\">\n\t\t\t<div class=\"elementor-widget-wrap elementor-element-populated\">\n\t\t\t\t\t\t<div class=\"elementor-element elementor-element-1a6ebd95 elementor-widget__width-inherit elementor-button-align-stretch cmsmasters-block-default cmsmasters-sticky-default elementor-widget elementor-widget-form\" data-id=\"1a6ebd95\" data-element_type=\"widget\" data-settings=\"{&quot;step_next_label&quot;:&quot;Next&quot;,&quot;step_previous_label&quot;:&quot;Previous&quot;,&quot;button_width&quot;:&quot;50&quot;,&quot;step_type&quot;:&quot;number_text&quot;,&quot;step_icon_shape&quot;:&quot;circle&quot;}\" data-widget_type=\"form.default\">\n\t\t\t\t<div class=\"elementor-widget-container\">\n\t\t\t\t\t\t\t<form class=\"elementor-form\" method=\"post\" name=\"New Form\" action=\"\">\n\t\t\t<input type=\"hidden\" name=\"post_id\" value=\"13540\"\/>\n\t\t\t<input type=\"hidden\" name=\"form_id\" value=\"1a6ebd95\"\/>\n\t\t\t<input type=\"hidden\" name=\"referer_title\" value=\"page de quiz - Rehab Lab\" \/>\n\n\t\t\t\t\t\t\t<input type=\"hidden\" name=\"queried_id\" value=\"13540\"\/>\n\t\t\t\n\t\t\t<div class=\"elementor-form-fields-wrapper elementor-labels-above\">\n\t\t\t\t\t\t\t\t<div class=\"elementor-field-type-step elementor-field-group elementor-column elementor-field-group-field_34f073e elementor-col-100\">\n\t\t\t\t\t\t\t<div class=\"e-field-step elementor-hidden\" data-label=\"\" data-previousbutton=\"\" data-nextbutton=\"\" data-iconurl=\"\" data-iconlibrary=\"fas fa-star\" data-icon=\"\" ><\/div>\n\n\t\t\t\t\t\t<\/div>\n\t\t\t\t\t\t\t\t<div class=\"elementor-field-type-html elementor-field-group elementor-column elementor-field-group-field_9a4e250 elementor-col-100\">\n\t\t\t\t\t<h4>Laissez-nous cr\u00e9er un programme qui correspond parfaitement \u00e0 vos besoins de r\u00e9tablissement.<\/h>\n<strong>Demandez votre essai gratuit de 7 jours<\/strong>\t\t\t\t<\/div>\n\t\t\t\t\t\t\t\t<div class=\"elementor-field-type-step elementor-field-group elementor-column elementor-field-group-field_3dd237a elementor-col-100\">\n\t\t\t\t\t\t\t<div class=\"e-field-step elementor-hidden\" data-label=\"\" data-previousbutton=\"\" data-nextbutton=\"\" data-iconurl=\"\" data-iconlibrary=\"fas fa-star\" data-icon=\"\" ><\/div>\n\n\t\t\t\t\t\t<\/div>\n\t\t\t\t\t\t\t\t<div class=\"elementor-field-type-radio elementor-field-group elementor-column elementor-field-group-first elementor-col-100 elementor-field-required\">\n\t\t\t\t\t\t\t\t\t\t\t\t<label for=\"form-field-first\" class=\"elementor-field-label\">\n\t\t\t\t\t\t\t\tQuel est l'objectif principal de votre r\u00e9tablissement ?\t\t\t\t\t\t\t<\/label>\n\t\t\t\t\t\t<div class=\"elementor-field-subgroup\"><span class=\"elementor-field-option\"><input type=\"radio\" value=\"Am\u00e9liorer la mobilit\u00e9\" id=\"form-field-first-0\" name=\"form_fields[first]\" required=\"required\"> <label for=\"form-field-first-0\">Am\u00e9liorer la mobilit\u00e9<\/label><\/span><span class=\"elementor-field-option\"><input type=\"radio\" value=\"R\u00e9duire la douleur\" id=\"form-field-first-1\" name=\"form_fields[first]\" required=\"required\"> <label for=\"form-field-first-1\">R\u00e9duire la douleur<\/label><\/span><span class=\"elementor-field-option\"><input type=\"radio\" value=\"Augmenter la force\" id=\"form-field-first-2\" name=\"form_fields[first]\" required=\"required\"> <label for=\"form-field-first-2\">Augmenter la force<\/label><\/span><span class=\"elementor-field-option\"><input type=\"radio\" value=\"Retrouver la fonctionnalit\u00e9 pour les activit\u00e9s quotidiennes\" id=\"form-field-first-3\" name=\"form_fields[first]\" required=\"required\"> <label for=\"form-field-first-3\">Retrouver la fonctionnalit\u00e9 pour les activit\u00e9s quotidiennes<\/label><\/span><span class=\"elementor-field-option\"><input type=\"radio\" value=\"Pr\u00e9venir les blessures futures\" id=\"form-field-first-4\" name=\"form_fields[first]\" required=\"required\"> <label for=\"form-field-first-4\">Pr\u00e9venir les blessures futures<\/label><\/span><span class=\"elementor-field-option\"><input type=\"radio\" value=\"Autre (veuillez pr\u00e9ciser)\" id=\"form-field-first-5\" name=\"form_fields[first]\" required=\"required\"> <label for=\"form-field-first-5\">Autre (veuillez pr\u00e9ciser)<\/label><\/span><\/div>\t\t\t\t<\/div>\n\t\t\t\t\t\t\t\t<div class=\"elementor-field-type-step elementor-field-group elementor-column elementor-field-group-field_437a209 elementor-col-100\">\n\t\t\t\t\t\t\t<div class=\"e-field-step elementor-hidden\" data-label=\"\" data-previousbutton=\"\" data-nextbutton=\"\" data-iconurl=\"\" data-iconlibrary=\"fas fa-star\" data-icon=\"\" ><\/div>\n\n\t\t\t\t\t\t<\/div>\n\t\t\t\t\t\t\t\t<div class=\"elementor-field-type-text elementor-field-group elementor-column elementor-field-group-2nd elementor-col-100 elementor-field-required\">\n\t\t\t\t\t\t\t\t\t\t\t\t<label for=\"form-field-2nd\" class=\"elementor-field-label\">\n\t\t\t\t\t\t\t\tAvez-vous des blessures ou des pathologies sp\u00e9cifiques que vous g\u00e9rez actuellement ? Qu'est-ce qui a conduit \u00e0 ce probl\u00e8me ?\t\t\t\t\t\t\t<\/label>\n\t\t\t\t\t\t\t\t\t\t\t\t\t\t<input size=\"1\" type=\"text\" name=\"form_fields[2nd]\" id=\"form-field-2nd\" class=\"elementor-field elementor-size-lg  elementor-field-textual\" required=\"required\">\n\t\t\t\t\t\t\t\t\t\t\t<\/div>\n\t\t\t\t\t\t\t\t<div class=\"elementor-field-type-step elementor-field-group elementor-column elementor-field-group-field_ff0e6b7 elementor-col-100\">\n\t\t\t\t\t\t\t<div class=\"e-field-step elementor-hidden\" data-label=\"\" data-previousbutton=\"\" data-nextbutton=\"\" data-iconurl=\"\" data-iconlibrary=\"fas fa-star\" data-icon=\"\" ><\/div>\n\n\t\t\t\t\t\t<\/div>\n\t\t\t\t\t\t\t\t<div class=\"elementor-field-type-radio elementor-field-group elementor-column elementor-field-group-3rd elementor-col-100 elementor-field-required\">\n\t\t\t\t\t\t\t\t\t\t\t\t<label for=\"form-field-3rd\" class=\"elementor-field-label\">\n\t\t\t\t\t\t\t\tDans quelle mesure pr\u00e9f\u00e9rez-vous \u00eatre guid\u00e9 au cours de votre processus de r\u00e9adaptation ?\t\t\t\t\t\t\t<\/label>\n\t\t\t\t\t\t<div class=\"elementor-field-subgroup\"><span class=\"elementor-field-option\"><input type=\"radio\" value=\"Autoguid\u00e9e avec un minimum de contribution\" id=\"form-field-3rd-0\" name=\"form_fields[3rd]\" required=\"required\"> <label for=\"form-field-3rd-0\">Autoguid\u00e9e avec un minimum de contribution<\/label><\/span><span class=\"elementor-field-option\"><input type=\"radio\" value=\"Contr\u00f4les professionnels occasionnels\" id=\"form-field-3rd-1\" name=\"form_fields[3rd]\" required=\"required\"> <label for=\"form-field-3rd-1\">Contr\u00f4les professionnels occasionnels<\/label><\/span><span class=\"elementor-field-option\"><input type=\"radio\" value=\"Conseils et retour d&#039;information r\u00e9guliers\" id=\"form-field-3rd-2\" name=\"form_fields[3rd]\" required=\"required\"> <label for=\"form-field-3rd-2\">Conseils et retour d'information r\u00e9guliers<\/label><\/span><span class=\"elementor-field-option\"><input type=\"radio\" value=\"Plans personnalis\u00e9s avec suivi continu\" id=\"form-field-3rd-3\" name=\"form_fields[3rd]\" required=\"required\"> <label for=\"form-field-3rd-3\">Plans personnalis\u00e9s avec suivi continu<\/label><\/span><\/div>\t\t\t\t<\/div>\n\t\t\t\t\t\t\t\t<div class=\"elementor-field-type-step elementor-field-group elementor-column elementor-field-group-fifthsetpss elementor-col-100\">\n\t\t\t\t\t\t\t<div class=\"e-field-step elementor-hidden\" data-label=\"\" data-previousbutton=\"\" data-nextbutton=\"\" data-iconurl=\"\" data-iconlibrary=\"fas fa-star\" data-icon=\"\" ><\/div>\n\n\t\t\t\t\t\t<\/div>\n\t\t\t\t\t\t\t\t<div class=\"elementor-field-type-radio elementor-field-group elementor-column elementor-field-group-field_e821c5f elementor-col-100 elementor-field-required\">\n\t\t\t\t\t\t\t\t\t\t\t\t<label for=\"form-field-field_e821c5f\" class=\"elementor-field-label\">\n\t\t\t\t\t\t\t\tAvez-vous d\u00e9j\u00e0 travaill\u00e9 avec un kin\u00e9sith\u00e9rapeute ?\t\t\t\t\t\t\t<\/label>\n\t\t\t\t\t\t<div class=\"elementor-field-subgroup\"><span class=\"elementor-field-option\"><input type=\"radio\" value=\"Oui, r\u00e9guli\u00e8rement\" id=\"form-field-field_e821c5f-0\" name=\"form_fields[field_e821c5f]\" required=\"required\"> <label for=\"form-field-field_e821c5f-0\">Oui, r\u00e9guli\u00e8rement<\/label><\/span><span class=\"elementor-field-option\"><input type=\"radio\" value=\"Oui, occasionnellement\" id=\"form-field-field_e821c5f-1\" name=\"form_fields[field_e821c5f]\" required=\"required\"> <label for=\"form-field-field_e821c5f-1\">Oui, occasionnellement<\/label><\/span><span class=\"elementor-field-option\"><input type=\"radio\" value=\"Non, mais je suis ouvert \u00e0 cette possibilit\u00e9\" id=\"form-field-field_e821c5f-2\" name=\"form_fields[field_e821c5f]\" required=\"required\"> <label for=\"form-field-field_e821c5f-2\">Non, mais je suis ouvert \u00e0 cette possibilit\u00e9<\/label><\/span><span class=\"elementor-field-option\"><input type=\"radio\" value=\"Non, et je pr\u00e9f\u00e8re la r\u00e9\u00e9ducation auto-guid\u00e9e\" id=\"form-field-field_e821c5f-3\" name=\"form_fields[field_e821c5f]\" required=\"required\"> <label for=\"form-field-field_e821c5f-3\">Non, et je pr\u00e9f\u00e8re la r\u00e9\u00e9ducation auto-guid\u00e9e<\/label><\/span><\/div>\t\t\t\t<\/div>\n\t\t\t\t\t\t\t\t<div class=\"elementor-field-type-step elementor-field-group elementor-column elementor-field-group-field_b7c8673 elementor-col-100\">\n\t\t\t\t\t\t\t<div class=\"e-field-step elementor-hidden\" data-label=\"\" data-previousbutton=\"\" data-nextbutton=\"\" data-iconurl=\"\" data-iconlibrary=\"fas fa-star\" data-icon=\"\" ><\/div>\n\n\t\t\t\t\t\t<\/div>\n\t\t\t\t\t\t\t\t<div class=\"elementor-field-type-radio elementor-field-group elementor-column elementor-field-group-field_8a76d7d elementor-col-100 elementor-field-required\">\n\t\t\t\t\t\t\t\t\t\t\t\t<label for=\"form-field-field_8a76d7d\" class=\"elementor-field-label\">\n\t\t\t\t\t\t\t\tQuels sont les exercices de r\u00e9\u00e9ducation qui vous conviennent le mieux ?\t\t\t\t\t\t\t<\/label>\n\t\t\t\t\t\t<div class=\"elementor-field-subgroup\"><span class=\"elementor-field-option\"><input type=\"radio\" value=\"\u00c9tirements\" id=\"form-field-field_8a76d7d-0\" name=\"form_fields[field_8a76d7d]\" required=\"required\"> <label for=\"form-field-field_8a76d7d-0\">\u00c9tirements<\/label><\/span><span class=\"elementor-field-option\"><input type=\"radio\" value=\"Entra\u00eenement musculaire\" id=\"form-field-field_8a76d7d-1\" name=\"form_fields[field_8a76d7d]\" required=\"required\"> <label for=\"form-field-field_8a76d7d-1\">Entra\u00eenement musculaire<\/label><\/span><span class=\"elementor-field-option\"><input type=\"radio\" value=\"Exercices d&#039;\u00e9quilibre\" id=\"form-field-field_8a76d7d-2\" name=\"form_fields[field_8a76d7d]\" required=\"required\"> <label for=\"form-field-field_8a76d7d-2\">Exercices d'\u00e9quilibre<\/label><\/span><span class=\"elementor-field-option\"><input type=\"radio\" value=\"Cardio\" id=\"form-field-field_8a76d7d-3\" name=\"form_fields[field_8a76d7d]\" required=\"required\"> <label for=\"form-field-field_8a76d7d-3\">Cardio<\/label><\/span><span class=\"elementor-field-option\"><input type=\"radio\" value=\"Exercices de mobilit\u00e9\" id=\"form-field-field_8a76d7d-4\" name=\"form_fields[field_8a76d7d]\" required=\"required\"> <label for=\"form-field-field_8a76d7d-4\">Exercices de mobilit\u00e9<\/label><\/span><\/div>\t\t\t\t<\/div>\n\t\t\t\t\t\t\t\t<div class=\"elementor-field-type-step elementor-field-group elementor-column elementor-field-group-field_0922dbf elementor-col-100\">\n\t\t\t\t\t\t\t<div class=\"e-field-step elementor-hidden\" data-label=\"\" data-previousbutton=\"\" data-nextbutton=\"\" data-iconurl=\"\" data-iconlibrary=\"fas fa-star\" data-icon=\"\" ><\/div>\n\n\t\t\t\t\t\t<\/div>\n\t\t\t\t\t\t\t\t<div class=\"elementor-field-type-html elementor-field-group elementor-column elementor-field-group-field_cab1911 elementor-col-100\">\n\t\t\t\t\t<h4>Laissez-nous cr\u00e9er un programme qui correspond parfaitement \u00e0 vos besoins de r\u00e9tablissement.<\/h>\n<strong>Demandez votre essai gratuit de 7 jours<\/strong>\t\t\t\t<\/div>\n\t\t\t\t\t\t\t\t<div class=\"elementor-field-type-text elementor-field-group elementor-column elementor-field-group-name elementor-col-100\">\n\t\t\t\t\t\t\t\t\t\t\t\t<label for=\"form-field-name\" class=\"elementor-field-label\">\n\t\t\t\t\t\t\t\tQuel est votre nom complet ?\t\t\t\t\t\t\t<\/label>\n\t\t\t\t\t\t\t\t\t\t\t\t\t\t<input size=\"1\" type=\"text\" name=\"form_fields[name]\" id=\"form-field-name\" class=\"elementor-field elementor-size-lg  elementor-field-textual\" placeholder=\"Tapez votre r\u00e9ponse ici....\">\n\t\t\t\t\t\t\t\t\t\t\t<\/div>\n\t\t\t\t\t\t\t\t<div class=\"elementor-field-type-tel elementor-field-group elementor-column elementor-field-group-phone elementor-col-100 elementor-field-required\">\n\t\t\t\t\t\t\t\t\t\t\t\t<label for=\"form-field-phone\" class=\"elementor-field-label\">\n\t\t\t\t\t\t\t\tQuel est le num\u00e9ro de t\u00e9l\u00e9phone auquel nous pouvons vous joindre ? \t\t\t\t\t\t\t<\/label>\n\t\t\t\t\t\t<span class=\"ccfef-editor-intl-input\" data-id=\"form-field-phone\" data-field-id=\"f3c49fc\" data-default-country=\"us\" data-include-countries=\"\" data-exclude-countries=\"\" data-dial-code-visibility=\"show\" data-strict-mode=\"no\" style=\"display: none;\"><\/span>\t\t<input size=\"1\" type=\"tel\" name=\"form_fields[phone]\" id=\"form-field-phone\" class=\"elementor-field elementor-size-lg  elementor-field-textual\" placeholder=\"12345789\" required=\"required\" pattern=\"[0-9()#&amp;+*-=.]+\" title=\"Only numbers and phone characters (#, -, *, etc) are accepted.\">\n\n\t\t\t\t\t\t<\/div>\n\t\t\t\t\t\t\t\t<div class=\"elementor-field-type-email elementor-field-group elementor-column elementor-field-group-email elementor-col-100\">\n\t\t\t\t\t\t\t\t\t\t\t\t<label for=\"form-field-email\" class=\"elementor-field-label\">\n\t\t\t\t\t\t\t\tEnfin, quelle est votre adresse \u00e9lectronique ? (facultatif)\t\t\t\t\t\t\t<\/label>\n\t\t\t\t\t\t\t\t\t\t\t\t\t\t<input size=\"1\" type=\"email\" name=\"form_fields[email]\" id=\"form-field-email\" class=\"elementor-field elementor-size-lg  elementor-field-textual\" placeholder=\"name@exmaple.com\">\n\t\t\t\t\t\t\t\t\t\t\t<\/div>\n\t\t\t\t\t\t\t\t<div class=\"elementor-field-group elementor-column elementor-field-type-submit elementor-col-50 e-form__buttons\">\n\t\t\t\t\t<button class=\"elementor-button elementor-size-sm\" type=\"submit\">\n\t\t\t\t\t\t<span class=\"elementor-button-content-wrapper\">\n\t\t\t\t\t\t\t\t\t\t\t\t\t\t\t\t\t\t\t\t\t\t<span class=\"elementor-button-text\">Versturen<\/span>\n\t\t\t\t\t\t\t\t\t\t\t\t\t<\/span>\n\t\t\t\t\t<\/button>\n\t\t\t\t<\/div>\n\t\t\t<\/div>\n\t\t<input type=\"hidden\" name=\"trp-form-language\" value=\"nl\"\/><\/form>\n\t\t\t\t\t\t<\/div>\n\t\t\t\t<\/div>\n\t\t\t\t\t<\/div>\n\t\t<\/div>\n\t\t\t\t\t<\/div>\n\t\t<\/section>\n\t\t\t\t<\/div>","protected":false},"excerpt":{"rendered":"","protected":false},"author":29,"featured_media":0,"parent":0,"menu_order":0,"comment_status":"closed","ping_status":"closed","template":"elementor_header_footer","meta":{"_acf_changed":false,"inline_featured_image":false,"footnotes":""},"class_list":["post-13540","page","type-page","status-publish","hentry"],"acf":[],"aioseo_notices":[],"_links":{"self":[{"href":"https:\/\/rehablab.nl\/nl\/wp-json\/wp\/v2\/pages\/13540","targetHints":{"allow":["GET"]}}],"collection":[{"href":"https:\/\/rehablab.nl\/nl\/wp-json\/wp\/v2\/pages"}],"about":[{"href":"https:\/\/rehablab.nl\/nl\/wp-json\/wp\/v2\/types\/page"}],"author":[{"embeddable":true,"href":"https:\/\/rehablab.nl\/nl\/wp-json\/wp\/v2\/users\/29"}],"replies":[{"embeddable":true,"href":"https:\/\/rehablab.nl\/nl\/wp-json\/wp\/v2\/comments?post=13540"}],"version-history":[{"count":16,"href":"https:\/\/rehablab.nl\/nl\/wp-json\/wp\/v2\/pages\/13540\/revisions"}],"predecessor-version":[{"id":13812,"href":"https:\/\/rehablab.nl\/nl\/wp-json\/wp\/v2\/pages\/13540\/revisions\/13812"}],"wp:attachment":[{"href":"https:\/\/rehablab.nl\/nl\/wp-json\/wp\/v2\/media?parent=13540"}],"curies":[{"name":"wp","href":"https:\/\/api.w.org\/{rel}","templated":true}]}}